{"id":666,"date":"2024-10-15T22:36:19","date_gmt":"2024-10-15T20:36:19","guid":{"rendered":"https:\/\/czaplarska-kryszak.pl\/?post_type=product&#038;p=666"},"modified":"2024-10-15T22:36:19","modified_gmt":"2024-10-15T20:36:19","slug":"spodnie-marrone","status":"publish","type":"product","link":"https:\/\/monaliza.com.pl\/sklep\/p\/spodnie-marrone\/","title":{"rendered":"Spodnie MARRONE"},"excerpt":{"rendered":"<p>Eleganckie spodnie w kant to kluczowy element garderoby, kt\u00f3ry sprawdzi si\u0119 zar\u00f3wno w formalnych, jak i p\u00f3\u0142formalnych sytuacjach. Mog\u0105 by\u0107 noszone do biura, na spotkania biznesowe , uroczysto\u015bci, czy wieczorowe wyj\u015bcia.Przedstawiamy spodnie na pasek z p\u0119kni\u0119ciem na dole nogawki w kolorze karmelowym i rozmiarze 38.<\/p>\n","protected":false},"featured_media":647,"template":"","meta":[],"product_brand":[],"product_cat":[28],"product_tag":[67,103],"class_list":{"0":"post-666","1":"product","2":"type-product","3":"status-publish","4":"has-post-thumbnail","6":"product_cat-spodnie","7":"product_tag-spodnie-damskie","8":"product_tag-spodnie-w-kant","10":"first","11":"instock","12":"shipping-taxable","13":"purchasable","14":"product-type-simple"},"yoast_head":"<!-- This site is optimized with the Yoast SEO plugin v27.5 - https:\/\/yoast.com\/product\/yoast-seo-wordpress\/ -->\n<title>Spodnie MARRONE | Mona Liza ellegansz<\/title>\n<meta name=\"robots\" content=\"index, follow, max-snippet:-1, max-image-preview:large, max-video-preview:-1\" \/>\n<link rel=\"canonical\" href=\"https:\/\/monaliza.com.pl\/sklep\/p\/spodnie-marrone\/\" \/>\n<meta property=\"og:locale\" content=\"pl_PL\" \/>\n<meta property=\"og:type\" content=\"article\" \/>\n<meta property=\"og:title\" content=\"Spodnie MARRONE | Mona Liza ellegansz\" \/>\n<meta property=\"og:description\" content=\"Eleganckie spodnie w kant to kluczowy element garderoby, kt\u00f3ry sprawdzi si\u0119 zar\u00f3wno w formalnych, jak i p\u00f3\u0142formalnych sytuacjach. Mog\u0105 by\u0107 noszone do biura, na spotkania biznesowe , uroczysto\u015bci, czy wieczorowe wyj\u015bcia.Przedstawiamy spodnie na pasek z p\u0119kni\u0119ciem na dole nogawki w kolorze karmelowym i rozmiarze 38.\" \/>\n<meta property=\"og:url\" content=\"https:\/\/monaliza.com.pl\/sklep\/p\/spodnie-marrone\/\" \/>\n<meta property=\"og:site_name\" content=\"Mona Liza ellegansz\" \/>\n<meta property=\"article:publisher\" content=\"https:\/\/www.facebook.com\/profile.php?id=61552258222595\" \/>\n<meta property=\"og:image\" content=\"https:\/\/monaliza.com.pl\/sklep\/wp-content\/uploads\/2024\/10\/CZAPLARSKA_KRYSZAK_ODZIEZ_nr2_23.jpg\" \/>\n\t<meta property=\"og:image:width\" content=\"709\" \/>\n\t<meta property=\"og:image:height\" content=\"1240\" \/>\n\t<meta property=\"og:image:type\" content=\"image\/jpeg\" \/>\n<meta name=\"twitter:card\" content=\"summary_large_image\" \/>\n<meta name=\"twitter:label1\" content=\"Szacowany czas czytania\" \/>\n\t<meta name=\"twitter:data1\" content=\"1 minuta\" \/>\n<script type=\"application\/ld+json\" class=\"yoast-schema-graph\">{\"@context\":\"https:\\\/\\\/schema.org\",\"@graph\":[{\"@type\":\"WebPage\",\"@id\":\"https:\\\/\\\/monaliza.com.pl\\\/sklep\\\/p\\\/spodnie-marrone\\\/\",\"url\":\"https:\\\/\\\/monaliza.com.pl\\\/sklep\\\/p\\\/spodnie-marrone\\\/\",\"name\":\"Spodnie MARRONE | Mona Liza ellegansz\",\"isPartOf\":{\"@id\":\"https:\\\/\\\/monaliza.com.pl\\\/sklep\\\/#website\"},\"primaryImageOfPage\":{\"@id\":\"https:\\\/\\\/monaliza.com.pl\\\/sklep\\\/p\\\/spodnie-marrone\\\/#primaryimage\"},\"image\":{\"@id\":\"https:\\\/\\\/monaliza.com.pl\\\/sklep\\\/p\\\/spodnie-marrone\\\/#primaryimage\"},\"thumbnailUrl\":\"https:\\\/\\\/monaliza.com.pl\\\/sklep\\\/wp-content\\\/uploads\\\/2024\\\/10\\\/CZAPLARSKA_KRYSZAK_ODZIEZ_nr2_23.jpg\",\"datePublished\":\"2024-10-15T20:36:19+00:00\",\"breadcrumb\":{\"@id\":\"https:\\\/\\\/monaliza.com.pl\\\/sklep\\\/p\\\/spodnie-marrone\\\/#breadcrumb\"},\"inLanguage\":\"pl-PL\",\"potentialAction\":[{\"@type\":\"ReadAction\",\"target\":[\"https:\\\/\\\/monaliza.com.pl\\\/sklep\\\/p\\\/spodnie-marrone\\\/\"]}]},{\"@type\":\"ImageObject\",\"inLanguage\":\"pl-PL\",\"@id\":\"https:\\\/\\\/monaliza.com.pl\\\/sklep\\\/p\\\/spodnie-marrone\\\/#primaryimage\",\"url\":\"https:\\\/\\\/monaliza.com.pl\\\/sklep\\\/wp-content\\\/uploads\\\/2024\\\/10\\\/CZAPLARSKA_KRYSZAK_ODZIEZ_nr2_23.jpg\",\"contentUrl\":\"https:\\\/\\\/monaliza.com.pl\\\/sklep\\\/wp-content\\\/uploads\\\/2024\\\/10\\\/CZAPLARSKA_KRYSZAK_ODZIEZ_nr2_23.jpg\",\"width\":709,\"height\":1240},{\"@type\":\"BreadcrumbList\",\"@id\":\"https:\\\/\\\/monaliza.com.pl\\\/sklep\\\/p\\\/spodnie-marrone\\\/#breadcrumb\",\"itemListElement\":[{\"@type\":\"ListItem\",\"position\":1,\"name\":\"G\u0142\u00f3wna\",\"item\":\"https:\\\/\\\/monaliza.com.pl\\\/sklep\\\/\"},{\"@type\":\"ListItem\",\"position\":2,\"name\":\"Sklep\",\"item\":\"https:\\\/\\\/monaliza.com.pl\\\/sklep\\\/sklep\\\/\"},{\"@type\":\"ListItem\",\"position\":3,\"name\":\"Spodnie\",\"item\":\"https:\\\/\\\/monaliza.com.pl\\\/sklep\\\/k\\\/spodnie\\\/\"},{\"@type\":\"ListItem\",\"position\":4,\"name\":\"Spodnie MARRONE\"}]},{\"@type\":\"WebSite\",\"@id\":\"https:\\\/\\\/monaliza.com.pl\\\/sklep\\\/#website\",\"url\":\"https:\\\/\\\/monaliza.com.pl\\\/sklep\\\/\",\"name\":\"Mona Liza ellegansz\",\"description\":\"indywidualne projekty | szycie na miar\u0119\",\"publisher\":{\"@id\":\"https:\\\/\\\/monaliza.com.pl\\\/sklep\\\/#organization\"},\"potentialAction\":[{\"@type\":\"SearchAction\",\"target\":{\"@type\":\"EntryPoint\",\"urlTemplate\":\"https:\\\/\\\/monaliza.com.pl\\\/sklep\\\/?s={search_term_string}\"},\"query-input\":{\"@type\":\"PropertyValueSpecification\",\"valueRequired\":true,\"valueName\":\"search_term_string\"}}],\"inLanguage\":\"pl-PL\"},{\"@type\":\"Organization\",\"@id\":\"https:\\\/\\\/monaliza.com.pl\\\/sklep\\\/#organization\",\"name\":\"Czaplarska & Kryszak\",\"url\":\"https:\\\/\\\/monaliza.com.pl\\\/sklep\\\/\",\"logo\":{\"@type\":\"ImageObject\",\"inLanguage\":\"pl-PL\",\"@id\":\"https:\\\/\\\/monaliza.com.pl\\\/sklep\\\/#\\\/schema\\\/logo\\\/image\\\/\",\"url\":\"https:\\\/\\\/monaliza.com.pl\\\/sklep\\\/wp-content\\\/uploads\\\/2024\\\/09\\\/logo.png\",\"contentUrl\":\"https:\\\/\\\/monaliza.com.pl\\\/sklep\\\/wp-content\\\/uploads\\\/2024\\\/09\\\/logo.png\",\"width\":709,\"height\":430,\"caption\":\"Czaplarska & Kryszak\"},\"image\":{\"@id\":\"https:\\\/\\\/monaliza.com.pl\\\/sklep\\\/#\\\/schema\\\/logo\\\/image\\\/\"},\"sameAs\":[\"https:\\\/\\\/www.facebook.com\\\/profile.php?id=61552258222595\",\"https:\\\/\\\/www.instagram.com\\\/czaplarskakryszak\\\/?igsh=MXRzMDBkMTBlMXlwdg&utm_source=qr\",\"https:\\\/\\\/www.youtube.com\\\/@Czaplarska-KryszakTV\",\"https:\\\/\\\/www.tiktok.com\\\/@czaplarska.kryszak\"]}]}<\/script>\n<!-- \/ Yoast SEO plugin. -->","yoast_head_json":{"title":"Spodnie MARRONE | Mona Liza ellegansz","robots":{"index":"index","follow":"follow","max-snippet":"max-snippet:-1","max-image-preview":"max-image-preview:large","max-video-preview":"max-video-preview:-1"},"canonical":"https:\/\/monaliza.com.pl\/sklep\/p\/spodnie-marrone\/","og_locale":"pl_PL","og_type":"article","og_title":"Spodnie MARRONE | Mona Liza ellegansz","og_description":"Eleganckie spodnie w kant to kluczowy element garderoby, kt\u00f3ry sprawdzi si\u0119 zar\u00f3wno w formalnych, jak i p\u00f3\u0142formalnych sytuacjach. Mog\u0105 by\u0107 noszone do biura, na spotkania biznesowe , uroczysto\u015bci, czy wieczorowe wyj\u015bcia.Przedstawiamy spodnie na pasek z p\u0119kni\u0119ciem na dole nogawki w kolorze karmelowym i rozmiarze 38.","og_url":"https:\/\/monaliza.com.pl\/sklep\/p\/spodnie-marrone\/","og_site_name":"Mona Liza ellegansz","article_publisher":"https:\/\/www.facebook.com\/profile.php?id=61552258222595","og_image":[{"width":709,"height":1240,"url":"https:\/\/monaliza.com.pl\/sklep\/wp-content\/uploads\/2024\/10\/CZAPLARSKA_KRYSZAK_ODZIEZ_nr2_23.jpg","type":"image\/jpeg"}],"twitter_card":"summary_large_image","twitter_misc":{"Szacowany czas czytania":"1 minuta"},"schema":{"@context":"https:\/\/schema.org","@graph":[{"@type":"WebPage","@id":"https:\/\/monaliza.com.pl\/sklep\/p\/spodnie-marrone\/","url":"https:\/\/monaliza.com.pl\/sklep\/p\/spodnie-marrone\/","name":"Spodnie MARRONE | Mona Liza ellegansz","isPartOf":{"@id":"https:\/\/monaliza.com.pl\/sklep\/#website"},"primaryImageOfPage":{"@id":"https:\/\/monaliza.com.pl\/sklep\/p\/spodnie-marrone\/#primaryimage"},"image":{"@id":"https:\/\/monaliza.com.pl\/sklep\/p\/spodnie-marrone\/#primaryimage"},"thumbnailUrl":"https:\/\/monaliza.com.pl\/sklep\/wp-content\/uploads\/2024\/10\/CZAPLARSKA_KRYSZAK_ODZIEZ_nr2_23.jpg","datePublished":"2024-10-15T20:36:19+00:00","breadcrumb":{"@id":"https:\/\/monaliza.com.pl\/sklep\/p\/spodnie-marrone\/#breadcrumb"},"inLanguage":"pl-PL","potentialAction":[{"@type":"ReadAction","target":["https:\/\/monaliza.com.pl\/sklep\/p\/spodnie-marrone\/"]}]},{"@type":"ImageObject","inLanguage":"pl-PL","@id":"https:\/\/monaliza.com.pl\/sklep\/p\/spodnie-marrone\/#primaryimage","url":"https:\/\/monaliza.com.pl\/sklep\/wp-content\/uploads\/2024\/10\/CZAPLARSKA_KRYSZAK_ODZIEZ_nr2_23.jpg","contentUrl":"https:\/\/monaliza.com.pl\/sklep\/wp-content\/uploads\/2024\/10\/CZAPLARSKA_KRYSZAK_ODZIEZ_nr2_23.jpg","width":709,"height":1240},{"@type":"BreadcrumbList","@id":"https:\/\/monaliza.com.pl\/sklep\/p\/spodnie-marrone\/#breadcrumb","itemListElement":[{"@type":"ListItem","position":1,"name":"G\u0142\u00f3wna","item":"https:\/\/monaliza.com.pl\/sklep\/"},{"@type":"ListItem","position":2,"name":"Sklep","item":"https:\/\/monaliza.com.pl\/sklep\/sklep\/"},{"@type":"ListItem","position":3,"name":"Spodnie","item":"https:\/\/monaliza.com.pl\/sklep\/k\/spodnie\/"},{"@type":"ListItem","position":4,"name":"Spodnie MARRONE"}]},{"@type":"WebSite","@id":"https:\/\/monaliza.com.pl\/sklep\/#website","url":"https:\/\/monaliza.com.pl\/sklep\/","name":"Mona Liza ellegansz","description":"indywidualne projekty | szycie na miar\u0119","publisher":{"@id":"https:\/\/monaliza.com.pl\/sklep\/#organization"},"potentialAction":[{"@type":"SearchAction","target":{"@type":"EntryPoint","urlTemplate":"https:\/\/monaliza.com.pl\/sklep\/?s={search_term_string}"},"query-input":{"@type":"PropertyValueSpecification","valueRequired":true,"valueName":"search_term_string"}}],"inLanguage":"pl-PL"},{"@type":"Organization","@id":"https:\/\/monaliza.com.pl\/sklep\/#organization","name":"Czaplarska & Kryszak","url":"https:\/\/monaliza.com.pl\/sklep\/","logo":{"@type":"ImageObject","inLanguage":"pl-PL","@id":"https:\/\/monaliza.com.pl\/sklep\/#\/schema\/logo\/image\/","url":"https:\/\/monaliza.com.pl\/sklep\/wp-content\/uploads\/2024\/09\/logo.png","contentUrl":"https:\/\/monaliza.com.pl\/sklep\/wp-content\/uploads\/2024\/09\/logo.png","width":709,"height":430,"caption":"Czaplarska & Kryszak"},"image":{"@id":"https:\/\/monaliza.com.pl\/sklep\/#\/schema\/logo\/image\/"},"sameAs":["https:\/\/www.facebook.com\/profile.php?id=61552258222595","https:\/\/www.instagram.com\/czaplarskakryszak\/?igsh=MXRzMDBkMTBlMXlwdg&utm_source=qr","https:\/\/www.youtube.com\/@Czaplarska-KryszakTV","https:\/\/www.tiktok.com\/@czaplarska.kryszak"]}]}},"_links":{"self":[{"href":"https:\/\/monaliza.com.pl\/sklep\/wp-json\/wp\/v2\/product\/666","targetHints":{"allow":["GET"]}}],"collection":[{"href":"https:\/\/monaliza.com.pl\/sklep\/wp-json\/wp\/v2\/product"}],"about":[{"href":"https:\/\/monaliza.com.pl\/sklep\/wp-json\/wp\/v2\/types\/product"}],"wp:featuredmedia":[{"embeddable":true,"href":"https:\/\/monaliza.com.pl\/sklep\/wp-json\/wp\/v2\/media\/647"}],"wp:attachment":[{"href":"https:\/\/monaliza.com.pl\/sklep\/wp-json\/wp\/v2\/media?parent=666"}],"wp:term":[{"taxonomy":"product_brand","embeddable":true,"href":"https:\/\/monaliza.com.pl\/sklep\/wp-json\/wp\/v2\/product_brand?post=666"},{"taxonomy":"product_cat","embeddable":true,"href":"https:\/\/monaliza.com.pl\/sklep\/wp-json\/wp\/v2\/product_cat?post=666"},{"taxonomy":"product_tag","embeddable":true,"href":"https:\/\/monaliza.com.pl\/sklep\/wp-json\/wp\/v2\/product_tag?post=666"}],"curies":[{"name":"wp","href":"https:\/\/api.w.org\/{rel}","templated":true}]}}