{"id":650,"date":"2024-10-15T21:20:44","date_gmt":"2024-10-15T19:20:44","guid":{"rendered":"https:\/\/czaplarska-kryszak.pl\/?post_type=product&#038;p=650"},"modified":"2024-10-15T21:27:57","modified_gmt":"2024-10-15T19:27:57","slug":"spodnie-sigaretti","status":"publish","type":"product","link":"https:\/\/monaliza.com.pl\/sklep\/p\/spodnie-sigaretti\/","title":{"rendered":"Spodnie SIGARETTI"},"excerpt":{"rendered":"<p>Spodnie cygaretki to eleganckie zw\u0119\u017cane spodnie o charakterystycznym kroju, kt\u00f3ry delikatnie podkre\u015bla sylwetk\u0119.Zazwyczaj maja d\u0142ugo\u015b\u0107 si\u0119gaj\u0105c\u0105 przed kostk\u0119 i prosta nogawk\u0119, kt\u00f3ra stopniowo zwierza si\u0119 ku do\u0142owi.Cygaretki cz\u0119sto wybierane s\u0105 do pracy, na spotkania biznesowe czy uroczysto\u015bci.<\/p>\n","protected":false},"featured_media":641,"template":"","meta":[],"product_brand":[],"product_cat":[28],"product_tag":[95,67,48],"class_list":{"0":"post-650","1":"product","2":"type-product","3":"status-publish","4":"has-post-thumbnail","6":"product_cat-spodnie","7":"product_tag-spodnie-cygaretki","8":"product_tag-spodnie-damskie","9":"product_tag-spodnie-z-wysokim-stanem","11":"first","12":"instock","13":"shipping-taxable","14":"purchasable","15":"product-type-simple"},"yoast_head":"<!-- This site is optimized with the Yoast SEO plugin v27.5 - https:\/\/yoast.com\/product\/yoast-seo-wordpress\/ -->\n<title>Spodnie SIGARETTI | Mona Liza ellegansz<\/title>\n<meta name=\"robots\" content=\"index, follow, max-snippet:-1, max-image-preview:large, max-video-preview:-1\" \/>\n<link rel=\"canonical\" href=\"https:\/\/monaliza.com.pl\/sklep\/p\/spodnie-sigaretti\/\" \/>\n<meta property=\"og:locale\" content=\"pl_PL\" \/>\n<meta property=\"og:type\" content=\"article\" \/>\n<meta property=\"og:title\" content=\"Spodnie SIGARETTI | Mona Liza ellegansz\" \/>\n<meta property=\"og:description\" content=\"Spodnie cygaretki to eleganckie zw\u0119\u017cane spodnie o charakterystycznym kroju, kt\u00f3ry delikatnie podkre\u015bla sylwetk\u0119.Zazwyczaj maja d\u0142ugo\u015b\u0107 si\u0119gaj\u0105c\u0105 przed kostk\u0119 i prosta nogawk\u0119, kt\u00f3ra stopniowo zwierza si\u0119 ku do\u0142owi.Cygaretki cz\u0119sto wybierane s\u0105 do pracy, na spotkania biznesowe czy uroczysto\u015bci.\" \/>\n<meta property=\"og:url\" content=\"https:\/\/monaliza.com.pl\/sklep\/p\/spodnie-sigaretti\/\" \/>\n<meta property=\"og:site_name\" content=\"Mona Liza ellegansz\" \/>\n<meta property=\"article:publisher\" content=\"https:\/\/www.facebook.com\/profile.php?id=61552258222595\" \/>\n<meta property=\"article:modified_time\" content=\"2024-10-15T19:27:57+00:00\" \/>\n<meta property=\"og:image\" content=\"https:\/\/monaliza.com.pl\/sklep\/wp-content\/uploads\/2024\/10\/CZAPLARSKA_KRYSZAK_ODZIEZ_nr2_42.jpg\" \/>\n\t<meta property=\"og:image:width\" content=\"709\" \/>\n\t<meta property=\"og:image:height\" content=\"1240\" \/>\n\t<meta property=\"og:image:type\" content=\"image\/jpeg\" \/>\n<meta name=\"twitter:card\" content=\"summary_large_image\" \/>\n<meta name=\"twitter:label1\" content=\"Szacowany czas czytania\" \/>\n\t<meta name=\"twitter:data1\" content=\"1 minuta\" \/>\n<script type=\"application\/ld+json\" class=\"yoast-schema-graph\">{\"@context\":\"https:\\\/\\\/schema.org\",\"@graph\":[{\"@type\":\"WebPage\",\"@id\":\"https:\\\/\\\/monaliza.com.pl\\\/sklep\\\/p\\\/spodnie-sigaretti\\\/\",\"url\":\"https:\\\/\\\/monaliza.com.pl\\\/sklep\\\/p\\\/spodnie-sigaretti\\\/\",\"name\":\"Spodnie SIGARETTI | Mona Liza ellegansz\",\"isPartOf\":{\"@id\":\"https:\\\/\\\/monaliza.com.pl\\\/sklep\\\/#website\"},\"primaryImageOfPage\":{\"@id\":\"https:\\\/\\\/monaliza.com.pl\\\/sklep\\\/p\\\/spodnie-sigaretti\\\/#primaryimage\"},\"image\":{\"@id\":\"https:\\\/\\\/monaliza.com.pl\\\/sklep\\\/p\\\/spodnie-sigaretti\\\/#primaryimage\"},\"thumbnailUrl\":\"https:\\\/\\\/monaliza.com.pl\\\/sklep\\\/wp-content\\\/uploads\\\/2024\\\/10\\\/CZAPLARSKA_KRYSZAK_ODZIEZ_nr2_42.jpg\",\"datePublished\":\"2024-10-15T19:20:44+00:00\",\"dateModified\":\"2024-10-15T19:27:57+00:00\",\"breadcrumb\":{\"@id\":\"https:\\\/\\\/monaliza.com.pl\\\/sklep\\\/p\\\/spodnie-sigaretti\\\/#breadcrumb\"},\"inLanguage\":\"pl-PL\",\"potentialAction\":[{\"@type\":\"ReadAction\",\"target\":[\"https:\\\/\\\/monaliza.com.pl\\\/sklep\\\/p\\\/spodnie-sigaretti\\\/\"]}]},{\"@type\":\"ImageObject\",\"inLanguage\":\"pl-PL\",\"@id\":\"https:\\\/\\\/monaliza.com.pl\\\/sklep\\\/p\\\/spodnie-sigaretti\\\/#primaryimage\",\"url\":\"https:\\\/\\\/monaliza.com.pl\\\/sklep\\\/wp-content\\\/uploads\\\/2024\\\/10\\\/CZAPLARSKA_KRYSZAK_ODZIEZ_nr2_42.jpg\",\"contentUrl\":\"https:\\\/\\\/monaliza.com.pl\\\/sklep\\\/wp-content\\\/uploads\\\/2024\\\/10\\\/CZAPLARSKA_KRYSZAK_ODZIEZ_nr2_42.jpg\",\"width\":709,\"height\":1240},{\"@type\":\"BreadcrumbList\",\"@id\":\"https:\\\/\\\/monaliza.com.pl\\\/sklep\\\/p\\\/spodnie-sigaretti\\\/#breadcrumb\",\"itemListElement\":[{\"@type\":\"ListItem\",\"position\":1,\"name\":\"G\u0142\u00f3wna\",\"item\":\"https:\\\/\\\/monaliza.com.pl\\\/sklep\\\/\"},{\"@type\":\"ListItem\",\"position\":2,\"name\":\"Sklep\",\"item\":\"https:\\\/\\\/monaliza.com.pl\\\/sklep\\\/sklep\\\/\"},{\"@type\":\"ListItem\",\"position\":3,\"name\":\"Spodnie\",\"item\":\"https:\\\/\\\/monaliza.com.pl\\\/sklep\\\/k\\\/spodnie\\\/\"},{\"@type\":\"ListItem\",\"position\":4,\"name\":\"Spodnie SIGARETTI\"}]},{\"@type\":\"WebSite\",\"@id\":\"https:\\\/\\\/monaliza.com.pl\\\/sklep\\\/#website\",\"url\":\"https:\\\/\\\/monaliza.com.pl\\\/sklep\\\/\",\"name\":\"Mona Liza ellegansz\",\"description\":\"indywidualne projekty | szycie na miar\u0119\",\"publisher\":{\"@id\":\"https:\\\/\\\/monaliza.com.pl\\\/sklep\\\/#organization\"},\"potentialAction\":[{\"@type\":\"SearchAction\",\"target\":{\"@type\":\"EntryPoint\",\"urlTemplate\":\"https:\\\/\\\/monaliza.com.pl\\\/sklep\\\/?s={search_term_string}\"},\"query-input\":{\"@type\":\"PropertyValueSpecification\",\"valueRequired\":true,\"valueName\":\"search_term_string\"}}],\"inLanguage\":\"pl-PL\"},{\"@type\":\"Organization\",\"@id\":\"https:\\\/\\\/monaliza.com.pl\\\/sklep\\\/#organization\",\"name\":\"Czaplarska & Kryszak\",\"url\":\"https:\\\/\\\/monaliza.com.pl\\\/sklep\\\/\",\"logo\":{\"@type\":\"ImageObject\",\"inLanguage\":\"pl-PL\",\"@id\":\"https:\\\/\\\/monaliza.com.pl\\\/sklep\\\/#\\\/schema\\\/logo\\\/image\\\/\",\"url\":\"https:\\\/\\\/monaliza.com.pl\\\/sklep\\\/wp-content\\\/uploads\\\/2024\\\/09\\\/logo.png\",\"contentUrl\":\"https:\\\/\\\/monaliza.com.pl\\\/sklep\\\/wp-content\\\/uploads\\\/2024\\\/09\\\/logo.png\",\"width\":709,\"height\":430,\"caption\":\"Czaplarska & Kryszak\"},\"image\":{\"@id\":\"https:\\\/\\\/monaliza.com.pl\\\/sklep\\\/#\\\/schema\\\/logo\\\/image\\\/\"},\"sameAs\":[\"https:\\\/\\\/www.facebook.com\\\/profile.php?id=61552258222595\",\"https:\\\/\\\/www.instagram.com\\\/czaplarskakryszak\\\/?igsh=MXRzMDBkMTBlMXlwdg&utm_source=qr\",\"https:\\\/\\\/www.youtube.com\\\/@Czaplarska-KryszakTV\",\"https:\\\/\\\/www.tiktok.com\\\/@czaplarska.kryszak\"]}]}<\/script>\n<!-- \/ Yoast SEO plugin. -->","yoast_head_json":{"title":"Spodnie SIGARETTI | Mona Liza ellegansz","robots":{"index":"index","follow":"follow","max-snippet":"max-snippet:-1","max-image-preview":"max-image-preview:large","max-video-preview":"max-video-preview:-1"},"canonical":"https:\/\/monaliza.com.pl\/sklep\/p\/spodnie-sigaretti\/","og_locale":"pl_PL","og_type":"article","og_title":"Spodnie SIGARETTI | Mona Liza ellegansz","og_description":"Spodnie cygaretki to eleganckie zw\u0119\u017cane spodnie o charakterystycznym kroju, kt\u00f3ry delikatnie podkre\u015bla sylwetk\u0119.Zazwyczaj maja d\u0142ugo\u015b\u0107 si\u0119gaj\u0105c\u0105 przed kostk\u0119 i prosta nogawk\u0119, kt\u00f3ra stopniowo zwierza si\u0119 ku do\u0142owi.Cygaretki cz\u0119sto wybierane s\u0105 do pracy, na spotkania biznesowe czy uroczysto\u015bci.","og_url":"https:\/\/monaliza.com.pl\/sklep\/p\/spodnie-sigaretti\/","og_site_name":"Mona Liza ellegansz","article_publisher":"https:\/\/www.facebook.com\/profile.php?id=61552258222595","article_modified_time":"2024-10-15T19:27:57+00:00","og_image":[{"width":709,"height":1240,"url":"https:\/\/monaliza.com.pl\/sklep\/wp-content\/uploads\/2024\/10\/CZAPLARSKA_KRYSZAK_ODZIEZ_nr2_42.jpg","type":"image\/jpeg"}],"twitter_card":"summary_large_image","twitter_misc":{"Szacowany czas czytania":"1 minuta"},"schema":{"@context":"https:\/\/schema.org","@graph":[{"@type":"WebPage","@id":"https:\/\/monaliza.com.pl\/sklep\/p\/spodnie-sigaretti\/","url":"https:\/\/monaliza.com.pl\/sklep\/p\/spodnie-sigaretti\/","name":"Spodnie SIGARETTI | Mona Liza ellegansz","isPartOf":{"@id":"https:\/\/monaliza.com.pl\/sklep\/#website"},"primaryImageOfPage":{"@id":"https:\/\/monaliza.com.pl\/sklep\/p\/spodnie-sigaretti\/#primaryimage"},"image":{"@id":"https:\/\/monaliza.com.pl\/sklep\/p\/spodnie-sigaretti\/#primaryimage"},"thumbnailUrl":"https:\/\/monaliza.com.pl\/sklep\/wp-content\/uploads\/2024\/10\/CZAPLARSKA_KRYSZAK_ODZIEZ_nr2_42.jpg","datePublished":"2024-10-15T19:20:44+00:00","dateModified":"2024-10-15T19:27:57+00:00","breadcrumb":{"@id":"https:\/\/monaliza.com.pl\/sklep\/p\/spodnie-sigaretti\/#breadcrumb"},"inLanguage":"pl-PL","potentialAction":[{"@type":"ReadAction","target":["https:\/\/monaliza.com.pl\/sklep\/p\/spodnie-sigaretti\/"]}]},{"@type":"ImageObject","inLanguage":"pl-PL","@id":"https:\/\/monaliza.com.pl\/sklep\/p\/spodnie-sigaretti\/#primaryimage","url":"https:\/\/monaliza.com.pl\/sklep\/wp-content\/uploads\/2024\/10\/CZAPLARSKA_KRYSZAK_ODZIEZ_nr2_42.jpg","contentUrl":"https:\/\/monaliza.com.pl\/sklep\/wp-content\/uploads\/2024\/10\/CZAPLARSKA_KRYSZAK_ODZIEZ_nr2_42.jpg","width":709,"height":1240},{"@type":"BreadcrumbList","@id":"https:\/\/monaliza.com.pl\/sklep\/p\/spodnie-sigaretti\/#breadcrumb","itemListElement":[{"@type":"ListItem","position":1,"name":"G\u0142\u00f3wna","item":"https:\/\/monaliza.com.pl\/sklep\/"},{"@type":"ListItem","position":2,"name":"Sklep","item":"https:\/\/monaliza.com.pl\/sklep\/sklep\/"},{"@type":"ListItem","position":3,"name":"Spodnie","item":"https:\/\/monaliza.com.pl\/sklep\/k\/spodnie\/"},{"@type":"ListItem","position":4,"name":"Spodnie SIGARETTI"}]},{"@type":"WebSite","@id":"https:\/\/monaliza.com.pl\/sklep\/#website","url":"https:\/\/monaliza.com.pl\/sklep\/","name":"Mona Liza ellegansz","description":"indywidualne projekty | szycie na miar\u0119","publisher":{"@id":"https:\/\/monaliza.com.pl\/sklep\/#organization"},"potentialAction":[{"@type":"SearchAction","target":{"@type":"EntryPoint","urlTemplate":"https:\/\/monaliza.com.pl\/sklep\/?s={search_term_string}"},"query-input":{"@type":"PropertyValueSpecification","valueRequired":true,"valueName":"search_term_string"}}],"inLanguage":"pl-PL"},{"@type":"Organization","@id":"https:\/\/monaliza.com.pl\/sklep\/#organization","name":"Czaplarska & Kryszak","url":"https:\/\/monaliza.com.pl\/sklep\/","logo":{"@type":"ImageObject","inLanguage":"pl-PL","@id":"https:\/\/monaliza.com.pl\/sklep\/#\/schema\/logo\/image\/","url":"https:\/\/monaliza.com.pl\/sklep\/wp-content\/uploads\/2024\/09\/logo.png","contentUrl":"https:\/\/monaliza.com.pl\/sklep\/wp-content\/uploads\/2024\/09\/logo.png","width":709,"height":430,"caption":"Czaplarska & Kryszak"},"image":{"@id":"https:\/\/monaliza.com.pl\/sklep\/#\/schema\/logo\/image\/"},"sameAs":["https:\/\/www.facebook.com\/profile.php?id=61552258222595","https:\/\/www.instagram.com\/czaplarskakryszak\/?igsh=MXRzMDBkMTBlMXlwdg&utm_source=qr","https:\/\/www.youtube.com\/@Czaplarska-KryszakTV","https:\/\/www.tiktok.com\/@czaplarska.kryszak"]}]}},"_links":{"self":[{"href":"https:\/\/monaliza.com.pl\/sklep\/wp-json\/wp\/v2\/product\/650","targetHints":{"allow":["GET"]}}],"collection":[{"href":"https:\/\/monaliza.com.pl\/sklep\/wp-json\/wp\/v2\/product"}],"about":[{"href":"https:\/\/monaliza.com.pl\/sklep\/wp-json\/wp\/v2\/types\/product"}],"wp:featuredmedia":[{"embeddable":true,"href":"https:\/\/monaliza.com.pl\/sklep\/wp-json\/wp\/v2\/media\/641"}],"wp:attachment":[{"href":"https:\/\/monaliza.com.pl\/sklep\/wp-json\/wp\/v2\/media?parent=650"}],"wp:term":[{"taxonomy":"product_brand","embeddable":true,"href":"https:\/\/monaliza.com.pl\/sklep\/wp-json\/wp\/v2\/product_brand?post=650"},{"taxonomy":"product_cat","embeddable":true,"href":"https:\/\/monaliza.com.pl\/sklep\/wp-json\/wp\/v2\/product_cat?post=650"},{"taxonomy":"product_tag","embeddable":true,"href":"https:\/\/monaliza.com.pl\/sklep\/wp-json\/wp\/v2\/product_tag?post=650"}],"curies":[{"name":"wp","href":"https:\/\/api.w.org\/{rel}","templated":true}]}}