{"id":58,"date":"2024-05-28T20:29:30","date_gmt":"2024-05-28T18:29:30","guid":{"rendered":"https:\/\/czaplarska-kryszak.pl\/?post_type=product&#038;p=58"},"modified":"2024-10-02T13:25:20","modified_gmt":"2024-10-02T11:25:20","slug":"koszula-angelo","status":"publish","type":"product","link":"https:\/\/monaliza.com.pl\/sklep\/p\/koszula-angelo\/","title":{"rendered":"Koszula ANGELO"},"excerpt":{"rendered":"<p>Koszula damska to element damkiej garderoby, kt\u00f3ry jest klasycznym i eleganckim wyborem na ro\u017cne okazje. Ko\u0142nierzyk, mankiety oraz listwa przy guzikach wyko\u0144czone s\u0105 z\u0142ot\u0105 nitk\u0105.Guziki per\u0142owe.Tkanina delikatna wiskoza.<\/p>\n","protected":false},"featured_media":474,"template":"","meta":[],"product_brand":[],"product_cat":[29],"product_tag":[79,81,65,64,74,82,80],"class_list":{"0":"post-58","1":"product","2":"type-product","3":"status-publish","4":"has-post-thumbnail","6":"product_cat-koszule","7":"product_tag-biala-koszula-damska","8":"product_tag-biznes","9":"product_tag-elegancja","10":"product_tag-kobieta","11":"product_tag-koszula","12":"product_tag-koszula-damska","13":"product_tag-koszula-elegancka","14":"pa_kolor-bialy","15":"pa_kolor-czarny","16":"pa_kolor-czerwony","18":"first","19":"instock","20":"shipping-taxable","21":"purchasable","22":"product-type-simple"},"yoast_head":"<!-- This site is optimized with the Yoast SEO plugin v27.4 - https:\/\/yoast.com\/product\/yoast-seo-wordpress\/ -->\n<title>Koszula ANGELO | Mona Liza ellegansz<\/title>\n<meta name=\"description\" content=\"Koszula damska to element damkiej garderoby, kt\u00f3ry jest klasycznym i eleganckim wyborem na ro\u017cne okazje. Ko\u0142nierzyk, mankiety oraz listwa przy guzikach wyko\u0144czone s\u0105 z\u0142ot\u0105 nitk\u0105.Guziki per\u0142owe.\" \/>\n<meta name=\"robots\" content=\"index, follow, max-snippet:-1, max-image-preview:large, max-video-preview:-1\" \/>\n<link rel=\"canonical\" href=\"https:\/\/monaliza.com.pl\/sklep\/p\/koszula-angelo\/\" \/>\n<meta property=\"og:locale\" content=\"pl_PL\" \/>\n<meta property=\"og:type\" content=\"article\" \/>\n<meta property=\"og:title\" content=\"Koszula ANGELO | Mona Liza ellegansz\" \/>\n<meta property=\"og:description\" content=\"Koszula damska to element damkiej garderoby, kt\u00f3ry jest klasycznym i eleganckim wyborem na ro\u017cne okazje. Ko\u0142nierzyk, mankiety oraz listwa przy guzikach wyko\u0144czone s\u0105 z\u0142ot\u0105 nitk\u0105.Guziki per\u0142owe.\" \/>\n<meta property=\"og:url\" content=\"https:\/\/monaliza.com.pl\/sklep\/p\/koszula-angelo\/\" \/>\n<meta property=\"og:site_name\" content=\"Mona Liza ellegansz\" \/>\n<meta property=\"article:publisher\" content=\"https:\/\/www.facebook.com\/profile.php?id=61552258222595\" \/>\n<meta property=\"article:modified_time\" content=\"2024-10-02T11:25:20+00:00\" \/>\n<meta property=\"og:image\" content=\"https:\/\/monaliza.com.pl\/sklep\/wp-content\/uploads\/2024\/05\/CZAPLARSKA_KRYSZAK_ODZIEZ_koszula_biala3.jpg\" \/>\n\t<meta property=\"og:image:width\" content=\"709\" \/>\n\t<meta property=\"og:image:height\" content=\"1240\" \/>\n\t<meta property=\"og:image:type\" content=\"image\/jpeg\" \/>\n<meta name=\"twitter:card\" content=\"summary_large_image\" \/>\n<meta name=\"twitter:label1\" content=\"Szacowany czas czytania\" \/>\n\t<meta name=\"twitter:data1\" content=\"1 minuta\" \/>\n<script type=\"application\/ld+json\" class=\"yoast-schema-graph\">{\"@context\":\"https:\\\/\\\/schema.org\",\"@graph\":[{\"@type\":\"WebPage\",\"@id\":\"https:\\\/\\\/monaliza.com.pl\\\/sklep\\\/p\\\/koszula-angelo\\\/\",\"url\":\"https:\\\/\\\/monaliza.com.pl\\\/sklep\\\/p\\\/koszula-angelo\\\/\",\"name\":\"Koszula ANGELO | Mona Liza ellegansz\",\"isPartOf\":{\"@id\":\"https:\\\/\\\/monaliza.com.pl\\\/sklep\\\/#website\"},\"primaryImageOfPage\":{\"@id\":\"https:\\\/\\\/monaliza.com.pl\\\/sklep\\\/p\\\/koszula-angelo\\\/#primaryimage\"},\"image\":{\"@id\":\"https:\\\/\\\/monaliza.com.pl\\\/sklep\\\/p\\\/koszula-angelo\\\/#primaryimage\"},\"thumbnailUrl\":\"https:\\\/\\\/monaliza.com.pl\\\/sklep\\\/wp-content\\\/uploads\\\/2024\\\/05\\\/CZAPLARSKA_KRYSZAK_ODZIEZ_koszula_biala3.jpg\",\"datePublished\":\"2024-05-28T18:29:30+00:00\",\"dateModified\":\"2024-10-02T11:25:20+00:00\",\"description\":\"Koszula damska to element damkiej garderoby, kt\u00f3ry jest klasycznym i eleganckim wyborem na ro\u017cne okazje. Ko\u0142nierzyk, mankiety oraz listwa przy guzikach wyko\u0144czone s\u0105 z\u0142ot\u0105 nitk\u0105.Guziki per\u0142owe.\",\"breadcrumb\":{\"@id\":\"https:\\\/\\\/monaliza.com.pl\\\/sklep\\\/p\\\/koszula-angelo\\\/#breadcrumb\"},\"inLanguage\":\"pl-PL\",\"potentialAction\":[{\"@type\":\"ReadAction\",\"target\":[\"https:\\\/\\\/monaliza.com.pl\\\/sklep\\\/p\\\/koszula-angelo\\\/\"]}]},{\"@type\":\"ImageObject\",\"inLanguage\":\"pl-PL\",\"@id\":\"https:\\\/\\\/monaliza.com.pl\\\/sklep\\\/p\\\/koszula-angelo\\\/#primaryimage\",\"url\":\"https:\\\/\\\/monaliza.com.pl\\\/sklep\\\/wp-content\\\/uploads\\\/2024\\\/05\\\/CZAPLARSKA_KRYSZAK_ODZIEZ_koszula_biala3.jpg\",\"contentUrl\":\"https:\\\/\\\/monaliza.com.pl\\\/sklep\\\/wp-content\\\/uploads\\\/2024\\\/05\\\/CZAPLARSKA_KRYSZAK_ODZIEZ_koszula_biala3.jpg\",\"width\":709,\"height\":1240},{\"@type\":\"BreadcrumbList\",\"@id\":\"https:\\\/\\\/monaliza.com.pl\\\/sklep\\\/p\\\/koszula-angelo\\\/#breadcrumb\",\"itemListElement\":[{\"@type\":\"ListItem\",\"position\":1,\"name\":\"G\u0142\u00f3wna\",\"item\":\"https:\\\/\\\/monaliza.com.pl\\\/sklep\\\/\"},{\"@type\":\"ListItem\",\"position\":2,\"name\":\"Sklep\",\"item\":\"https:\\\/\\\/monaliza.com.pl\\\/sklep\\\/sklep\\\/\"},{\"@type\":\"ListItem\",\"position\":3,\"name\":\"Koszule\",\"item\":\"https:\\\/\\\/monaliza.com.pl\\\/sklep\\\/k\\\/koszule\\\/\"},{\"@type\":\"ListItem\",\"position\":4,\"name\":\"Koszula ANGELO\"}]},{\"@type\":\"WebSite\",\"@id\":\"https:\\\/\\\/monaliza.com.pl\\\/sklep\\\/#website\",\"url\":\"https:\\\/\\\/monaliza.com.pl\\\/sklep\\\/\",\"name\":\"Mona Liza ellegansz\",\"description\":\"indywidualne projekty | szycie na miar\u0119\",\"publisher\":{\"@id\":\"https:\\\/\\\/monaliza.com.pl\\\/sklep\\\/#organization\"},\"potentialAction\":[{\"@type\":\"SearchAction\",\"target\":{\"@type\":\"EntryPoint\",\"urlTemplate\":\"https:\\\/\\\/monaliza.com.pl\\\/sklep\\\/?s={search_term_string}\"},\"query-input\":{\"@type\":\"PropertyValueSpecification\",\"valueRequired\":true,\"valueName\":\"search_term_string\"}}],\"inLanguage\":\"pl-PL\"},{\"@type\":\"Organization\",\"@id\":\"https:\\\/\\\/monaliza.com.pl\\\/sklep\\\/#organization\",\"name\":\"Czaplarska & Kryszak\",\"url\":\"https:\\\/\\\/monaliza.com.pl\\\/sklep\\\/\",\"logo\":{\"@type\":\"ImageObject\",\"inLanguage\":\"pl-PL\",\"@id\":\"https:\\\/\\\/monaliza.com.pl\\\/sklep\\\/#\\\/schema\\\/logo\\\/image\\\/\",\"url\":\"https:\\\/\\\/monaliza.com.pl\\\/sklep\\\/wp-content\\\/uploads\\\/2024\\\/09\\\/logo.png\",\"contentUrl\":\"https:\\\/\\\/monaliza.com.pl\\\/sklep\\\/wp-content\\\/uploads\\\/2024\\\/09\\\/logo.png\",\"width\":709,\"height\":430,\"caption\":\"Czaplarska & Kryszak\"},\"image\":{\"@id\":\"https:\\\/\\\/monaliza.com.pl\\\/sklep\\\/#\\\/schema\\\/logo\\\/image\\\/\"},\"sameAs\":[\"https:\\\/\\\/www.facebook.com\\\/profile.php?id=61552258222595\",\"https:\\\/\\\/www.instagram.com\\\/czaplarskakryszak\\\/?igsh=MXRzMDBkMTBlMXlwdg&utm_source=qr\",\"https:\\\/\\\/www.youtube.com\\\/@Czaplarska-KryszakTV\",\"https:\\\/\\\/www.tiktok.com\\\/@czaplarska.kryszak\"]}]}<\/script>\n<!-- \/ Yoast SEO plugin. -->","yoast_head_json":{"title":"Koszula ANGELO | Mona Liza ellegansz","description":"Koszula damska to element damkiej garderoby, kt\u00f3ry jest klasycznym i eleganckim wyborem na ro\u017cne okazje. Ko\u0142nierzyk, mankiety oraz listwa przy guzikach wyko\u0144czone s\u0105 z\u0142ot\u0105 nitk\u0105.Guziki per\u0142owe.","robots":{"index":"index","follow":"follow","max-snippet":"max-snippet:-1","max-image-preview":"max-image-preview:large","max-video-preview":"max-video-preview:-1"},"canonical":"https:\/\/monaliza.com.pl\/sklep\/p\/koszula-angelo\/","og_locale":"pl_PL","og_type":"article","og_title":"Koszula ANGELO | Mona Liza ellegansz","og_description":"Koszula damska to element damkiej garderoby, kt\u00f3ry jest klasycznym i eleganckim wyborem na ro\u017cne okazje. Ko\u0142nierzyk, mankiety oraz listwa przy guzikach wyko\u0144czone s\u0105 z\u0142ot\u0105 nitk\u0105.Guziki per\u0142owe.","og_url":"https:\/\/monaliza.com.pl\/sklep\/p\/koszula-angelo\/","og_site_name":"Mona Liza ellegansz","article_publisher":"https:\/\/www.facebook.com\/profile.php?id=61552258222595","article_modified_time":"2024-10-02T11:25:20+00:00","og_image":[{"width":709,"height":1240,"url":"https:\/\/monaliza.com.pl\/sklep\/wp-content\/uploads\/2024\/05\/CZAPLARSKA_KRYSZAK_ODZIEZ_koszula_biala3.jpg","type":"image\/jpeg"}],"twitter_card":"summary_large_image","twitter_misc":{"Szacowany czas czytania":"1 minuta"},"schema":{"@context":"https:\/\/schema.org","@graph":[{"@type":"WebPage","@id":"https:\/\/monaliza.com.pl\/sklep\/p\/koszula-angelo\/","url":"https:\/\/monaliza.com.pl\/sklep\/p\/koszula-angelo\/","name":"Koszula ANGELO | Mona Liza ellegansz","isPartOf":{"@id":"https:\/\/monaliza.com.pl\/sklep\/#website"},"primaryImageOfPage":{"@id":"https:\/\/monaliza.com.pl\/sklep\/p\/koszula-angelo\/#primaryimage"},"image":{"@id":"https:\/\/monaliza.com.pl\/sklep\/p\/koszula-angelo\/#primaryimage"},"thumbnailUrl":"https:\/\/monaliza.com.pl\/sklep\/wp-content\/uploads\/2024\/05\/CZAPLARSKA_KRYSZAK_ODZIEZ_koszula_biala3.jpg","datePublished":"2024-05-28T18:29:30+00:00","dateModified":"2024-10-02T11:25:20+00:00","description":"Koszula damska to element damkiej garderoby, kt\u00f3ry jest klasycznym i eleganckim wyborem na ro\u017cne okazje. Ko\u0142nierzyk, mankiety oraz listwa przy guzikach wyko\u0144czone s\u0105 z\u0142ot\u0105 nitk\u0105.Guziki per\u0142owe.","breadcrumb":{"@id":"https:\/\/monaliza.com.pl\/sklep\/p\/koszula-angelo\/#breadcrumb"},"inLanguage":"pl-PL","potentialAction":[{"@type":"ReadAction","target":["https:\/\/monaliza.com.pl\/sklep\/p\/koszula-angelo\/"]}]},{"@type":"ImageObject","inLanguage":"pl-PL","@id":"https:\/\/monaliza.com.pl\/sklep\/p\/koszula-angelo\/#primaryimage","url":"https:\/\/monaliza.com.pl\/sklep\/wp-content\/uploads\/2024\/05\/CZAPLARSKA_KRYSZAK_ODZIEZ_koszula_biala3.jpg","contentUrl":"https:\/\/monaliza.com.pl\/sklep\/wp-content\/uploads\/2024\/05\/CZAPLARSKA_KRYSZAK_ODZIEZ_koszula_biala3.jpg","width":709,"height":1240},{"@type":"BreadcrumbList","@id":"https:\/\/monaliza.com.pl\/sklep\/p\/koszula-angelo\/#breadcrumb","itemListElement":[{"@type":"ListItem","position":1,"name":"G\u0142\u00f3wna","item":"https:\/\/monaliza.com.pl\/sklep\/"},{"@type":"ListItem","position":2,"name":"Sklep","item":"https:\/\/monaliza.com.pl\/sklep\/sklep\/"},{"@type":"ListItem","position":3,"name":"Koszule","item":"https:\/\/monaliza.com.pl\/sklep\/k\/koszule\/"},{"@type":"ListItem","position":4,"name":"Koszula ANGELO"}]},{"@type":"WebSite","@id":"https:\/\/monaliza.com.pl\/sklep\/#website","url":"https:\/\/monaliza.com.pl\/sklep\/","name":"Mona Liza ellegansz","description":"indywidualne projekty | szycie na miar\u0119","publisher":{"@id":"https:\/\/monaliza.com.pl\/sklep\/#organization"},"potentialAction":[{"@type":"SearchAction","target":{"@type":"EntryPoint","urlTemplate":"https:\/\/monaliza.com.pl\/sklep\/?s={search_term_string}"},"query-input":{"@type":"PropertyValueSpecification","valueRequired":true,"valueName":"search_term_string"}}],"inLanguage":"pl-PL"},{"@type":"Organization","@id":"https:\/\/monaliza.com.pl\/sklep\/#organization","name":"Czaplarska & Kryszak","url":"https:\/\/monaliza.com.pl\/sklep\/","logo":{"@type":"ImageObject","inLanguage":"pl-PL","@id":"https:\/\/monaliza.com.pl\/sklep\/#\/schema\/logo\/image\/","url":"https:\/\/monaliza.com.pl\/sklep\/wp-content\/uploads\/2024\/09\/logo.png","contentUrl":"https:\/\/monaliza.com.pl\/sklep\/wp-content\/uploads\/2024\/09\/logo.png","width":709,"height":430,"caption":"Czaplarska & Kryszak"},"image":{"@id":"https:\/\/monaliza.com.pl\/sklep\/#\/schema\/logo\/image\/"},"sameAs":["https:\/\/www.facebook.com\/profile.php?id=61552258222595","https:\/\/www.instagram.com\/czaplarskakryszak\/?igsh=MXRzMDBkMTBlMXlwdg&utm_source=qr","https:\/\/www.youtube.com\/@Czaplarska-KryszakTV","https:\/\/www.tiktok.com\/@czaplarska.kryszak"]}]}},"_links":{"self":[{"href":"https:\/\/monaliza.com.pl\/sklep\/wp-json\/wp\/v2\/product\/58","targetHints":{"allow":["GET"]}}],"collection":[{"href":"https:\/\/monaliza.com.pl\/sklep\/wp-json\/wp\/v2\/product"}],"about":[{"href":"https:\/\/monaliza.com.pl\/sklep\/wp-json\/wp\/v2\/types\/product"}],"wp:featuredmedia":[{"embeddable":true,"href":"https:\/\/monaliza.com.pl\/sklep\/wp-json\/wp\/v2\/media\/474"}],"wp:attachment":[{"href":"https:\/\/monaliza.com.pl\/sklep\/wp-json\/wp\/v2\/media?parent=58"}],"wp:term":[{"taxonomy":"product_brand","embeddable":true,"href":"https:\/\/monaliza.com.pl\/sklep\/wp-json\/wp\/v2\/product_brand?post=58"},{"taxonomy":"product_cat","embeddable":true,"href":"https:\/\/monaliza.com.pl\/sklep\/wp-json\/wp\/v2\/product_cat?post=58"},{"taxonomy":"product_tag","embeddable":true,"href":"https:\/\/monaliza.com.pl\/sklep\/wp-json\/wp\/v2\/product_tag?post=58"}],"curies":[{"name":"wp","href":"https:\/\/api.w.org\/{rel}","templated":true}]}}