{"id":493,"date":"2024-09-09T18:37:06","date_gmt":"2024-09-09T16:37:06","guid":{"rendered":"https:\/\/czaplarska-kryszak.pl\/?post_type=product&#038;p=493"},"modified":"2024-10-02T13:16:31","modified_gmt":"2024-10-02T11:16:31","slug":"koszula-erba","status":"publish","type":"product","link":"https:\/\/monaliza.com.pl\/sklep\/p\/koszula-erba\/","title":{"rendered":"Koszula ERBA"},"excerpt":{"rendered":"<table>\n<tbody>\n<tr>\n<td>Koszula damska to element damkiej garderoby, kt\u00f3ry jest klasycznym i eleganckim wyborem na ro\u017cne okazje. Ko\u0142nierzyk, mankiety oraz listwa przy guzikach wyko\u0144czone s\u0105 z\u0142ot\u0105 nitk\u0105.Guziki per\u0142owe ze z\u0142otem. Tkanina satyna jedwabna.<\/td>\n<td><\/td>\n<td><\/td>\n<td><\/td>\n<td><\/td>\n<td><\/td>\n<td><\/td>\n<td><\/td>\n<td><\/td>\n<\/tr>\n<\/tbody>\n<\/table>\n","protected":false},"featured_media":495,"template":"","meta":[],"product_brand":[],"product_cat":[29],"product_tag":[77,70,64,74,76],"class_list":{"0":"post-493","1":"product","2":"type-product","3":"status-publish","4":"has-post-thumbnail","6":"product_cat-koszule","7":"product_tag-biznes-women","8":"product_tag-elegancka-koszula","9":"product_tag-kobieta","10":"product_tag-koszula","11":"product_tag-zielona-koszula","13":"first","14":"instock","15":"shipping-taxable","16":"purchasable","17":"product-type-simple"},"yoast_head":"<!-- This site is optimized with the Yoast SEO plugin v27.4 - https:\/\/yoast.com\/product\/yoast-seo-wordpress\/ -->\n<title>Koszula ERBA | Mona Liza ellegansz<\/title>\n<meta name=\"description\" content=\"Koszula damska to element damkiej garderoby, kt\u00f3ry jest klasycznym i eleganckim wyborem na ro\u017cne okazje. Ko\u0142nierzyk, mankiety oraz listwa przy guzikach wyko\u0144czone s\u0105 z\u0142ot\u0105 nitk\u0105.Guziki per\u0142owe ze z\u0142otem.Tkanina satyna jedwabna.Kolor butelkowa ziele\u0144.\" \/>\n<meta name=\"robots\" content=\"index, follow, max-snippet:-1, max-image-preview:large, max-video-preview:-1\" \/>\n<link rel=\"canonical\" href=\"https:\/\/monaliza.com.pl\/sklep\/p\/koszula-erba\/\" \/>\n<meta property=\"og:locale\" content=\"pl_PL\" \/>\n<meta property=\"og:type\" content=\"article\" \/>\n<meta property=\"og:title\" content=\"Koszula ERBA | Mona Liza ellegansz\" \/>\n<meta property=\"og:description\" content=\"Koszula damska to element damkiej garderoby, kt\u00f3ry jest klasycznym i eleganckim wyborem na ro\u017cne okazje. Ko\u0142nierzyk, mankiety oraz listwa przy guzikach wyko\u0144czone s\u0105 z\u0142ot\u0105 nitk\u0105.Guziki per\u0142owe ze z\u0142otem.Tkanina satyna jedwabna.Kolor butelkowa ziele\u0144.\" \/>\n<meta property=\"og:url\" content=\"https:\/\/monaliza.com.pl\/sklep\/p\/koszula-erba\/\" \/>\n<meta property=\"og:site_name\" content=\"Mona Liza ellegansz\" \/>\n<meta property=\"article:publisher\" content=\"https:\/\/www.facebook.com\/profile.php?id=61552258222595\" \/>\n<meta property=\"article:modified_time\" content=\"2024-10-02T11:16:31+00:00\" \/>\n<meta property=\"og:image\" content=\"https:\/\/monaliza.com.pl\/sklep\/wp-content\/uploads\/2024\/09\/CZAPLARSKA_KRYSZAK_ODZIEZ_koszula_zielona2.jpg\" \/>\n\t<meta property=\"og:image:width\" content=\"709\" \/>\n\t<meta property=\"og:image:height\" content=\"1240\" \/>\n\t<meta property=\"og:image:type\" content=\"image\/jpeg\" \/>\n<meta name=\"twitter:card\" content=\"summary_large_image\" \/>\n<meta name=\"twitter:label1\" content=\"Szacowany czas czytania\" \/>\n\t<meta name=\"twitter:data1\" content=\"1 minuta\" \/>\n<script type=\"application\/ld+json\" class=\"yoast-schema-graph\">{\"@context\":\"https:\\\/\\\/schema.org\",\"@graph\":[{\"@type\":\"WebPage\",\"@id\":\"https:\\\/\\\/monaliza.com.pl\\\/sklep\\\/p\\\/koszula-erba\\\/\",\"url\":\"https:\\\/\\\/monaliza.com.pl\\\/sklep\\\/p\\\/koszula-erba\\\/\",\"name\":\"Koszula ERBA | Mona Liza ellegansz\",\"isPartOf\":{\"@id\":\"https:\\\/\\\/monaliza.com.pl\\\/sklep\\\/#website\"},\"primaryImageOfPage\":{\"@id\":\"https:\\\/\\\/monaliza.com.pl\\\/sklep\\\/p\\\/koszula-erba\\\/#primaryimage\"},\"image\":{\"@id\":\"https:\\\/\\\/monaliza.com.pl\\\/sklep\\\/p\\\/koszula-erba\\\/#primaryimage\"},\"thumbnailUrl\":\"https:\\\/\\\/monaliza.com.pl\\\/sklep\\\/wp-content\\\/uploads\\\/2024\\\/09\\\/CZAPLARSKA_KRYSZAK_ODZIEZ_koszula_zielona2.jpg\",\"datePublished\":\"2024-09-09T16:37:06+00:00\",\"dateModified\":\"2024-10-02T11:16:31+00:00\",\"description\":\"Koszula damska to element damkiej garderoby, kt\u00f3ry jest klasycznym i eleganckim wyborem na ro\u017cne okazje. Ko\u0142nierzyk, mankiety oraz listwa przy guzikach wyko\u0144czone s\u0105 z\u0142ot\u0105 nitk\u0105.Guziki per\u0142owe ze z\u0142otem.Tkanina satyna jedwabna.Kolor butelkowa ziele\u0144.\",\"breadcrumb\":{\"@id\":\"https:\\\/\\\/monaliza.com.pl\\\/sklep\\\/p\\\/koszula-erba\\\/#breadcrumb\"},\"inLanguage\":\"pl-PL\",\"potentialAction\":[{\"@type\":\"ReadAction\",\"target\":[\"https:\\\/\\\/monaliza.com.pl\\\/sklep\\\/p\\\/koszula-erba\\\/\"]}]},{\"@type\":\"ImageObject\",\"inLanguage\":\"pl-PL\",\"@id\":\"https:\\\/\\\/monaliza.com.pl\\\/sklep\\\/p\\\/koszula-erba\\\/#primaryimage\",\"url\":\"https:\\\/\\\/monaliza.com.pl\\\/sklep\\\/wp-content\\\/uploads\\\/2024\\\/09\\\/CZAPLARSKA_KRYSZAK_ODZIEZ_koszula_zielona2.jpg\",\"contentUrl\":\"https:\\\/\\\/monaliza.com.pl\\\/sklep\\\/wp-content\\\/uploads\\\/2024\\\/09\\\/CZAPLARSKA_KRYSZAK_ODZIEZ_koszula_zielona2.jpg\",\"width\":709,\"height\":1240},{\"@type\":\"BreadcrumbList\",\"@id\":\"https:\\\/\\\/monaliza.com.pl\\\/sklep\\\/p\\\/koszula-erba\\\/#breadcrumb\",\"itemListElement\":[{\"@type\":\"ListItem\",\"position\":1,\"name\":\"G\u0142\u00f3wna\",\"item\":\"https:\\\/\\\/monaliza.com.pl\\\/sklep\\\/\"},{\"@type\":\"ListItem\",\"position\":2,\"name\":\"Sklep\",\"item\":\"https:\\\/\\\/monaliza.com.pl\\\/sklep\\\/sklep\\\/\"},{\"@type\":\"ListItem\",\"position\":3,\"name\":\"Koszule\",\"item\":\"https:\\\/\\\/monaliza.com.pl\\\/sklep\\\/k\\\/koszule\\\/\"},{\"@type\":\"ListItem\",\"position\":4,\"name\":\"Koszula ERBA\"}]},{\"@type\":\"WebSite\",\"@id\":\"https:\\\/\\\/monaliza.com.pl\\\/sklep\\\/#website\",\"url\":\"https:\\\/\\\/monaliza.com.pl\\\/sklep\\\/\",\"name\":\"Mona Liza ellegansz\",\"description\":\"indywidualne projekty | szycie na miar\u0119\",\"publisher\":{\"@id\":\"https:\\\/\\\/monaliza.com.pl\\\/sklep\\\/#organization\"},\"potentialAction\":[{\"@type\":\"SearchAction\",\"target\":{\"@type\":\"EntryPoint\",\"urlTemplate\":\"https:\\\/\\\/monaliza.com.pl\\\/sklep\\\/?s={search_term_string}\"},\"query-input\":{\"@type\":\"PropertyValueSpecification\",\"valueRequired\":true,\"valueName\":\"search_term_string\"}}],\"inLanguage\":\"pl-PL\"},{\"@type\":\"Organization\",\"@id\":\"https:\\\/\\\/monaliza.com.pl\\\/sklep\\\/#organization\",\"name\":\"Czaplarska & Kryszak\",\"url\":\"https:\\\/\\\/monaliza.com.pl\\\/sklep\\\/\",\"logo\":{\"@type\":\"ImageObject\",\"inLanguage\":\"pl-PL\",\"@id\":\"https:\\\/\\\/monaliza.com.pl\\\/sklep\\\/#\\\/schema\\\/logo\\\/image\\\/\",\"url\":\"https:\\\/\\\/monaliza.com.pl\\\/sklep\\\/wp-content\\\/uploads\\\/2024\\\/09\\\/logo.png\",\"contentUrl\":\"https:\\\/\\\/monaliza.com.pl\\\/sklep\\\/wp-content\\\/uploads\\\/2024\\\/09\\\/logo.png\",\"width\":709,\"height\":430,\"caption\":\"Czaplarska & Kryszak\"},\"image\":{\"@id\":\"https:\\\/\\\/monaliza.com.pl\\\/sklep\\\/#\\\/schema\\\/logo\\\/image\\\/\"},\"sameAs\":[\"https:\\\/\\\/www.facebook.com\\\/profile.php?id=61552258222595\",\"https:\\\/\\\/www.instagram.com\\\/czaplarskakryszak\\\/?igsh=MXRzMDBkMTBlMXlwdg&utm_source=qr\",\"https:\\\/\\\/www.youtube.com\\\/@Czaplarska-KryszakTV\",\"https:\\\/\\\/www.tiktok.com\\\/@czaplarska.kryszak\"]}]}<\/script>\n<!-- \/ Yoast SEO plugin. -->","yoast_head_json":{"title":"Koszula ERBA | Mona Liza ellegansz","description":"Koszula damska to element damkiej garderoby, kt\u00f3ry jest klasycznym i eleganckim wyborem na ro\u017cne okazje. Ko\u0142nierzyk, mankiety oraz listwa przy guzikach wyko\u0144czone s\u0105 z\u0142ot\u0105 nitk\u0105.Guziki per\u0142owe ze z\u0142otem.Tkanina satyna jedwabna.Kolor butelkowa ziele\u0144.","robots":{"index":"index","follow":"follow","max-snippet":"max-snippet:-1","max-image-preview":"max-image-preview:large","max-video-preview":"max-video-preview:-1"},"canonical":"https:\/\/monaliza.com.pl\/sklep\/p\/koszula-erba\/","og_locale":"pl_PL","og_type":"article","og_title":"Koszula ERBA | Mona Liza ellegansz","og_description":"Koszula damska to element damkiej garderoby, kt\u00f3ry jest klasycznym i eleganckim wyborem na ro\u017cne okazje. Ko\u0142nierzyk, mankiety oraz listwa przy guzikach wyko\u0144czone s\u0105 z\u0142ot\u0105 nitk\u0105.Guziki per\u0142owe ze z\u0142otem.Tkanina satyna jedwabna.Kolor butelkowa ziele\u0144.","og_url":"https:\/\/monaliza.com.pl\/sklep\/p\/koszula-erba\/","og_site_name":"Mona Liza ellegansz","article_publisher":"https:\/\/www.facebook.com\/profile.php?id=61552258222595","article_modified_time":"2024-10-02T11:16:31+00:00","og_image":[{"width":709,"height":1240,"url":"https:\/\/monaliza.com.pl\/sklep\/wp-content\/uploads\/2024\/09\/CZAPLARSKA_KRYSZAK_ODZIEZ_koszula_zielona2.jpg","type":"image\/jpeg"}],"twitter_card":"summary_large_image","twitter_misc":{"Szacowany czas czytania":"1 minuta"},"schema":{"@context":"https:\/\/schema.org","@graph":[{"@type":"WebPage","@id":"https:\/\/monaliza.com.pl\/sklep\/p\/koszula-erba\/","url":"https:\/\/monaliza.com.pl\/sklep\/p\/koszula-erba\/","name":"Koszula ERBA | Mona Liza ellegansz","isPartOf":{"@id":"https:\/\/monaliza.com.pl\/sklep\/#website"},"primaryImageOfPage":{"@id":"https:\/\/monaliza.com.pl\/sklep\/p\/koszula-erba\/#primaryimage"},"image":{"@id":"https:\/\/monaliza.com.pl\/sklep\/p\/koszula-erba\/#primaryimage"},"thumbnailUrl":"https:\/\/monaliza.com.pl\/sklep\/wp-content\/uploads\/2024\/09\/CZAPLARSKA_KRYSZAK_ODZIEZ_koszula_zielona2.jpg","datePublished":"2024-09-09T16:37:06+00:00","dateModified":"2024-10-02T11:16:31+00:00","description":"Koszula damska to element damkiej garderoby, kt\u00f3ry jest klasycznym i eleganckim wyborem na ro\u017cne okazje. Ko\u0142nierzyk, mankiety oraz listwa przy guzikach wyko\u0144czone s\u0105 z\u0142ot\u0105 nitk\u0105.Guziki per\u0142owe ze z\u0142otem.Tkanina satyna jedwabna.Kolor butelkowa ziele\u0144.","breadcrumb":{"@id":"https:\/\/monaliza.com.pl\/sklep\/p\/koszula-erba\/#breadcrumb"},"inLanguage":"pl-PL","potentialAction":[{"@type":"ReadAction","target":["https:\/\/monaliza.com.pl\/sklep\/p\/koszula-erba\/"]}]},{"@type":"ImageObject","inLanguage":"pl-PL","@id":"https:\/\/monaliza.com.pl\/sklep\/p\/koszula-erba\/#primaryimage","url":"https:\/\/monaliza.com.pl\/sklep\/wp-content\/uploads\/2024\/09\/CZAPLARSKA_KRYSZAK_ODZIEZ_koszula_zielona2.jpg","contentUrl":"https:\/\/monaliza.com.pl\/sklep\/wp-content\/uploads\/2024\/09\/CZAPLARSKA_KRYSZAK_ODZIEZ_koszula_zielona2.jpg","width":709,"height":1240},{"@type":"BreadcrumbList","@id":"https:\/\/monaliza.com.pl\/sklep\/p\/koszula-erba\/#breadcrumb","itemListElement":[{"@type":"ListItem","position":1,"name":"G\u0142\u00f3wna","item":"https:\/\/monaliza.com.pl\/sklep\/"},{"@type":"ListItem","position":2,"name":"Sklep","item":"https:\/\/monaliza.com.pl\/sklep\/sklep\/"},{"@type":"ListItem","position":3,"name":"Koszule","item":"https:\/\/monaliza.com.pl\/sklep\/k\/koszule\/"},{"@type":"ListItem","position":4,"name":"Koszula ERBA"}]},{"@type":"WebSite","@id":"https:\/\/monaliza.com.pl\/sklep\/#website","url":"https:\/\/monaliza.com.pl\/sklep\/","name":"Mona Liza ellegansz","description":"indywidualne projekty | szycie na miar\u0119","publisher":{"@id":"https:\/\/monaliza.com.pl\/sklep\/#organization"},"potentialAction":[{"@type":"SearchAction","target":{"@type":"EntryPoint","urlTemplate":"https:\/\/monaliza.com.pl\/sklep\/?s={search_term_string}"},"query-input":{"@type":"PropertyValueSpecification","valueRequired":true,"valueName":"search_term_string"}}],"inLanguage":"pl-PL"},{"@type":"Organization","@id":"https:\/\/monaliza.com.pl\/sklep\/#organization","name":"Czaplarska & Kryszak","url":"https:\/\/monaliza.com.pl\/sklep\/","logo":{"@type":"ImageObject","inLanguage":"pl-PL","@id":"https:\/\/monaliza.com.pl\/sklep\/#\/schema\/logo\/image\/","url":"https:\/\/monaliza.com.pl\/sklep\/wp-content\/uploads\/2024\/09\/logo.png","contentUrl":"https:\/\/monaliza.com.pl\/sklep\/wp-content\/uploads\/2024\/09\/logo.png","width":709,"height":430,"caption":"Czaplarska & Kryszak"},"image":{"@id":"https:\/\/monaliza.com.pl\/sklep\/#\/schema\/logo\/image\/"},"sameAs":["https:\/\/www.facebook.com\/profile.php?id=61552258222595","https:\/\/www.instagram.com\/czaplarskakryszak\/?igsh=MXRzMDBkMTBlMXlwdg&utm_source=qr","https:\/\/www.youtube.com\/@Czaplarska-KryszakTV","https:\/\/www.tiktok.com\/@czaplarska.kryszak"]}]}},"_links":{"self":[{"href":"https:\/\/monaliza.com.pl\/sklep\/wp-json\/wp\/v2\/product\/493","targetHints":{"allow":["GET"]}}],"collection":[{"href":"https:\/\/monaliza.com.pl\/sklep\/wp-json\/wp\/v2\/product"}],"about":[{"href":"https:\/\/monaliza.com.pl\/sklep\/wp-json\/wp\/v2\/types\/product"}],"wp:featuredmedia":[{"embeddable":true,"href":"https:\/\/monaliza.com.pl\/sklep\/wp-json\/wp\/v2\/media\/495"}],"wp:attachment":[{"href":"https:\/\/monaliza.com.pl\/sklep\/wp-json\/wp\/v2\/media?parent=493"}],"wp:term":[{"taxonomy":"product_brand","embeddable":true,"href":"https:\/\/monaliza.com.pl\/sklep\/wp-json\/wp\/v2\/product_brand?post=493"},{"taxonomy":"product_cat","embeddable":true,"href":"https:\/\/monaliza.com.pl\/sklep\/wp-json\/wp\/v2\/product_cat?post=493"},{"taxonomy":"product_tag","embeddable":true,"href":"https:\/\/monaliza.com.pl\/sklep\/wp-json\/wp\/v2\/product_tag?post=493"}],"curies":[{"name":"wp","href":"https:\/\/api.w.org\/{rel}","templated":true}]}}